{"id":17,"date":"2025-05-03T03:29:19","date_gmt":"2025-05-03T03:29:19","guid":{"rendered":"https:\/\/canhtacthongminh.vn\/?page_id=17"},"modified":"2025-08-21T22:12:16","modified_gmt":"2025-08-21T15:12:16","slug":"about","status":"publish","type":"page","link":"https:\/\/canhtacthongminh.vn\/index.php\/about\/","title":{"rendered":"V\u1ec1 ch\u01b0\u01a1ng tr\u00ecnh"},"content":{"rendered":"\n<h2 class=\"wp-block-heading has-large-font-size\" id=\"inspiro-is-a-digital-product-agency-that-focuses-on-strategy-and-design\" style=\"font-style:normal;font-weight:100\"><strong>CANH T\u00c1C TH\u00d4NG MINH<\/strong><\/h2>\n\n\n\n<div style=\"height:10px\" aria-hidden=\"true\" class=\"wp-block-spacer\"><\/div>\n\n\n\n<p class=\"has-link-color wp-elements-32ae54521897fd0ee5c1b5c584b54246\"><a href=\"https:\/\/canhtacthongminh.vn\/\" data-type=\"page\" data-id=\"16\">Canh T\u00e1c Th\u00f4ng Minh<\/a> l\u00e0 ch\u01b0\u01a1ng tr\u00ecnh chuy\u00ean \u0111\u1ec1 n\u00f4ng nghi\u1ec7p ph\u00e1t s\u00f3ng tr\u00ean VTV9 &#8211; \u0110\u00e0i truy\u1ec1n h\u00ecnh Vi\u1ec7t Nam, khung gi\u1edd 17h00-17h20, ch\u1ee7 nh\u1eadt h\u00e0ng tu\u1ea7n. Ch\u01b0\u01a1ng tr\u00ecnh th\u1ec3 hi\u1ec7n \u0111a d\u1ea1ng c\u00e1c ki\u1ebfn th\u1ee9c n\u00f4ng nghi\u1ec7p v\u1edbi s\u1ef1 c\u1ed1 v\u1ea5n tr\u1ef1c ti\u1ebfp t\u1eeb c\u00e1c gi\u00e1o s\u01b0, ti\u1ebfn s\u0129 \u0111\u1ea7u ng\u00e0nh. Nh\u1eefng quy tr\u00ecnh canh t\u00e1c th\u00f4ng minh, hi\u1ec7n \u0111\u1ea1i, nh\u1eefng k\u1ef9 thu\u1eadt then ch\u1ed1t gi\u00fap c\u00e2y tr\u1ed3ng tho\u00e1t m\u1eb7n, gi\u1ea3i ph\u00e8n, ch\u1ed1ng h\u1ea1n, th\u00edch \u1ee9ng v\u1edbi th\u1eddi ti\u1ebft b\u1ea5t l\u1ee3i \u0111\u01b0\u1ee3c ch\u01b0\u01a1ng tr\u00ecnh c\u1eadp nh\u1eadt v\u00e0 chuy\u1ec3n t\u1ea3i chi ti\u1ebft \u0111\u1ebfn qu\u00fd kh\u00e1n gi\u1ea3 v\u00e0 b\u00e0 con n\u00f4ng d\u00e2n.<\/p>\n\n\n\n<p>Ch\u01b0\u01a1ng tr\u00ecnh h\u00e2n h\u1ea1nh \u0111\u01b0\u1ee3c s\u1ef1 \u0111\u1ed3ng h\u00e0nh c\u1ee7a <a href=\"https:\/\/binhdien.com\/\">C\u00f4ng ty CP Ph\u00e2n b\u00f3n B\u00ecnh \u0110i\u1ec1n<\/a>.<\/p>\n\n\n\n<p>Kh\u00e1n gi\u1ea3 c\u00f3 c\u01a1 h\u1ed9i tr\u00fang th\u01b0\u1edfng ph\u1ea7n qu\u00e0 tr\u1ecb gi\u00e1 200.000 \u0111\u1ed3ng b\u1eb1ng c\u00e1ch nh\u1eafn tin v\u1edbi c\u00fa ph\u00e1p CTTM\u02fdc\u00e2u tr\u1ea3 l\u1eddi \u0111\u00fang, g\u1eedi v\u1ec1 t\u1ed5ng \u0111\u00e0i 084 3968 777. \u0110\u0103ng k\u00fd theo d\u00f5i k\u00eanh Youtube c\u1ee7a Canh T\u00e1c Th\u00f4ng Minh \u0111\u1ec3 lu\u00f4n \u0111\u01b0\u1ee3c c\u1eadp nh\u1eadt nh\u1eefng video m\u1edbi nh\u1ea5t: https:\/\/www.youtube.com\/canhtacthongminh Theo d\u00f5i c\u00e1c k\u00eanh th\u00f4ng tin tr\u00ean m\u1ea1ng x\u00e3 h\u1ed9i c\u1ee7a Canh T\u00e1c Th\u00f4ng Minh t\u1ea1i: <\/p>\n\n\n\n<p>\u2022 Website: <a href=\"https:\/\/canhtacthongminh.vn\/\" data-type=\"page\" data-id=\"16\">canhtacthongminh.vn<\/a> ho\u1eb7c <a href=\"http:\/\/sucsongtre.com.vn\">sucsongtre.com.vn<\/a> <\/p>\n\n\n\n<p>\u2022 Fanpage: <a href=\"https:\/\/www.facebook.com\/Canhtacthongminhv9\">fb.com\/canhtacthongminhv9<\/a><\/p>\n\n\n\n<div class=\"wp-block-columns alignwide is-layout-flex wp-container-core-columns-is-layout-28f84493 wp-block-columns-is-layout-flex\">\n<div class=\"wp-block-column is-layout-flow wp-block-column-is-layout-flow\">\n<figure class=\"wp-block-image size-large\"><img fetchpriority=\"high\" decoding=\"async\" width=\"1618\" height=\"1080\" src=\"https:\/\/canhtacthongminh.vn\/wp-content\/uploads\/2025\/05\/BBM_22022-1618x1080.jpg\" alt=\"\" class=\"wp-image-149\" srcset=\"https:\/\/canhtacthongminh.vn\/wp-content\/uploads\/2025\/05\/BBM_22022-1618x1080.jpg 1618w, https:\/\/canhtacthongminh.vn\/wp-content\/uploads\/2025\/05\/BBM_22022-300x200.jpg 300w, https:\/\/canhtacthongminh.vn\/wp-content\/uploads\/2025\/05\/BBM_22022-2000x1335.jpg 2000w, https:\/\/canhtacthongminh.vn\/wp-content\/uploads\/2025\/05\/BBM_22022-600x400.jpg 600w, https:\/\/canhtacthongminh.vn\/wp-content\/uploads\/2025\/05\/BBM_22022-1200x800.jpg 1200w\" sizes=\"(max-width: 1618px) 100vw, 1618px\" \/><\/figure>\n\n\n\n<p class=\"has-black-color has-text-color has-medium-font-size\"><a href=\"#\">\u0110ang c\u1eadp nh\u1eadt&#8230;<\/a><\/p>\n\n\n\n<p class=\"has-text-color\" style=\"color:#7a7a7a\">\u0110ang c\u1eadp nh\u1eadt&#8230;<\/p>\n<\/div>\n\n\n\n<div class=\"wp-block-column is-layout-flow wp-block-column-is-layout-flow\">\n<figure class=\"wp-block-image size-large\"><img decoding=\"async\" width=\"1618\" height=\"1080\" src=\"https:\/\/canhtacthongminh.vn\/wp-content\/uploads\/2025\/05\/BBM_23022-1618x1080.jpg\" alt=\"\" class=\"wp-image-150\" srcset=\"https:\/\/canhtacthongminh.vn\/wp-content\/uploads\/2025\/05\/BBM_23022-1618x1080.jpg 1618w, https:\/\/canhtacthongminh.vn\/wp-content\/uploads\/2025\/05\/BBM_23022-300x200.jpg 300w, https:\/\/canhtacthongminh.vn\/wp-content\/uploads\/2025\/05\/BBM_23022-2000x1335.jpg 2000w, https:\/\/canhtacthongminh.vn\/wp-content\/uploads\/2025\/05\/BBM_23022-600x400.jpg 600w, https:\/\/canhtacthongminh.vn\/wp-content\/uploads\/2025\/05\/BBM_23022-1200x800.jpg 1200w\" sizes=\"(max-width: 1618px) 100vw, 1618px\" \/><\/figure>\n\n\n\n<p class=\"has-black-color has-text-color has-medium-font-size\"><a href=\"#\"><a href=\"#\">\u0110ang c\u1eadp nh\u1eadt&#8230;<\/a><\/a><\/p>\n\n\n\n<p class=\"has-text-color\" style=\"color:#7a7a7a\">\u0110ang c\u1eadp nh\u1eadt&#8230;<\/p>\n<\/div>\n\n\n\n<div class=\"wp-block-column is-layout-flow wp-block-column-is-layout-flow\">\n<figure class=\"wp-block-image size-large\"><img decoding=\"async\" width=\"1618\" height=\"1080\" src=\"https:\/\/canhtacthongminh.vn\/wp-content\/uploads\/2025\/05\/BBM_23182-1618x1080.jpg\" alt=\"\" class=\"wp-image-151\" srcset=\"https:\/\/canhtacthongminh.vn\/wp-content\/uploads\/2025\/05\/BBM_23182-1618x1080.jpg 1618w, https:\/\/canhtacthongminh.vn\/wp-content\/uploads\/2025\/05\/BBM_23182-300x200.jpg 300w, https:\/\/canhtacthongminh.vn\/wp-content\/uploads\/2025\/05\/BBM_23182-2000x1335.jpg 2000w, https:\/\/canhtacthongminh.vn\/wp-content\/uploads\/2025\/05\/BBM_23182-600x400.jpg 600w, https:\/\/canhtacthongminh.vn\/wp-content\/uploads\/2025\/05\/BBM_23182-1200x800.jpg 1200w\" sizes=\"(max-width: 1618px) 100vw, 1618px\" \/><\/figure>\n\n\n\n<p class=\"has-black-color has-text-color has-medium-font-size\"><a href=\"#\"><a href=\"#\">\u0110ang c\u1eadp nh\u1eadt&#8230;<\/a><\/a><\/p>\n\n\n\n<p class=\"has-text-color\" style=\"color:#7a7a7a\">\u0110ang c\u1eadp nh\u1eadt&#8230;<\/p>\n<\/div>\n<\/div>\n\n\n\n<h3 class=\"wp-block-heading has-large-font-size\" id=\"inspiro-is-a-digital-product-agency-that-focuses-on-strategy-and-desig\" style=\"font-style:normal;font-weight:300\">CH\u01af\u01a0NG TR\u00ccNH<\/h3>\n\n\n\n<figure class=\"wp-block-embed aligncenter is-type-video is-provider-youtube wp-block-embed-youtube wp-embed-aspect-16-9 wp-has-aspect-ratio\"><div class=\"wp-block-embed__wrapper\">\n<iframe title=\"CANH T\u00c1C TH\u00d4NG MINH: B\u00d3N PH\u00c2N NU\u00d4I TR\u00c1I C\u00c0 PH\u00ca CU\u1ed0I V\u1ee4 MI\u1ec0N \u0110\u00d4NG NAM B\u1ed8\" width=\"950\" height=\"534\" src=\"https:\/\/www.youtube.com\/embed\/JYWk1MjJTzI?feature=oembed\" frameborder=\"0\" allow=\"accelerometer; autoplay; clipboard-write; encrypted-media; gyroscope; picture-in-picture; web-share\" referrerpolicy=\"strict-origin-when-cross-origin\" allowfullscreen><\/iframe>\n<\/div><\/figure>\n\n\n\n<div class=\"wp-block-cover alignfull\" style=\"padding-top:50px;padding-right:50px;padding-bottom:50px;padding-left:50px;min-height:316px;aspect-ratio:unset;\"><span aria-hidden=\"true\" class=\"wp-block-cover__background has-black-background-color has-background-dim-100 has-background-dim\"><\/span><div class=\"wp-block-cover__inner-container is-layout-flow wp-block-cover-is-layout-flow\">\n<div class=\"wp-block-columns are-vertically-aligned-center is-layout-flex wp-container-core-columns-is-layout-28f84493 wp-block-columns-is-layout-flex\">\n<div class=\"wp-block-column is-vertically-aligned-center is-layout-flow wp-block-column-is-layout-flow\" style=\"padding-top:20px;padding-right:0px;padding-bottom:20px;padding-left:0px\">\n<div class=\"wp-block-group is-content-justification-space-between is-nowrap is-layout-flex wp-container-core-group-is-layout-bb3dfb5c wp-block-group-is-layout-flex\">\n<figure class=\"wp-block-image size-full\"><img decoding=\"async\" src=\"https:\/\/canhtacthongminh.vn\/wp-content\/themes\/inspiro\/assets\/images\/laurel_left.png\" alt=\"\"\/><\/figure>\n\n\n\n<div class=\"wp-block-group is-layout-flow wp-block-group-is-layout-flow\">\n<p class=\"has-text-align-center has-white-color has-text-color\" style=\"font-size:clamp(14px, 0.875rem + ((1vw - 3.2px) * 0.417), 18px);line-height:1\"><strong>&#8220;\u0110ang c\u1eadp nh\u1eadt&#8221;<br><\/strong>Loading&#8230;<\/p>\n<\/div>\n\n\n\n<figure class=\"wp-block-image size-full\"><img decoding=\"async\" src=\"https:\/\/canhtacthongminh.vn\/wp-content\/themes\/inspiro\/assets\/images\/laurel_right.png\" alt=\"\"\/><\/figure>\n<\/div>\n<\/div>\n\n\n\n<div class=\"wp-block-column is-vertically-aligned-center is-layout-flow wp-block-column-is-layout-flow\" style=\"padding-top:20px;padding-right:0px;padding-bottom:20px;padding-left:0px\">\n<div class=\"wp-block-group is-content-justification-space-between is-nowrap is-layout-flex wp-container-core-group-is-layout-bb3dfb5c wp-block-group-is-layout-flex\">\n<figure class=\"wp-block-image size-full\"><img decoding=\"async\" src=\"https:\/\/canhtacthongminh.vn\/wp-content\/themes\/inspiro\/assets\/images\/laurel_left.png\" alt=\"\"\/><\/figure>\n\n\n\n<div class=\"wp-block-group is-layout-flow wp-block-group-is-layout-flow\">\n<p class=\"has-text-align-center has-white-color has-text-color\" style=\"font-size:clamp(14px, 0.875rem + ((1vw - 3.2px) * 0.417), 18px);line-height:1\"><strong>&#8220;<strong>\u0110ang c\u1eadp nh\u1eadt<\/strong>&#8220;<\/strong><br>Loading&#8230;<\/p>\n<\/div>\n\n\n\n<figure class=\"wp-block-image size-full\"><img decoding=\"async\" src=\"https:\/\/canhtacthongminh.vn\/wp-content\/themes\/inspiro\/assets\/images\/laurel_right.png\" alt=\"\"\/><\/figure>\n<\/div>\n<\/div>\n\n\n\n<div class=\"wp-block-column is-vertically-aligned-center is-layout-flow wp-block-column-is-layout-flow\" style=\"padding-top:20px;padding-right:0px;padding-bottom:20px;padding-left:0px\">\n<div class=\"wp-block-group is-content-justification-space-between is-nowrap is-layout-flex wp-container-core-group-is-layout-bb3dfb5c wp-block-group-is-layout-flex\">\n<figure class=\"wp-block-image size-full\"><img decoding=\"async\" src=\"https:\/\/canhtacthongminh.vn\/wp-content\/themes\/inspiro\/assets\/images\/laurel_left.png\" alt=\"\"\/><\/figure>\n\n\n\n<div class=\"wp-block-group is-layout-flow wp-block-group-is-layout-flow\">\n<p class=\"has-text-align-center has-white-color has-text-color\" style=\"font-size:clamp(14px, 0.875rem + ((1vw - 3.2px) * 0.417), 18px);line-height:1\"><strong>&#8220;<strong>\u0110ang c\u1eadp nh\u1eadt<\/strong>&#8220;<\/strong><br>Loading&#8230;<\/p>\n<\/div>\n\n\n\n<figure class=\"wp-block-image size-full\"><img decoding=\"async\" src=\"https:\/\/canhtacthongminh.vn\/wp-content\/themes\/inspiro\/assets\/images\/laurel_right.png\" alt=\"\"\/><\/figure>\n<\/div>\n<\/div>\n<\/div>\n<\/div><\/div>\n\n\n\n<p><\/p>\n","protected":false},"excerpt":{"rendered":"<p>CANH T\u00c1C TH\u00d4NG MINH Canh T\u00e1c Th\u00f4ng Minh l\u00e0 ch\u01b0\u01a1ng tr\u00ecnh chuy\u00ean \u0111\u1ec1 n\u00f4ng nghi\u1ec7p ph\u00e1t s\u00f3ng tr\u00ean VTV9 &#8211; \u0110\u00e0i truy\u1ec1n h\u00ecnh Vi\u1ec7t Nam, khung gi\u1edd 17h00-17h20, ch\u1ee7 nh\u1eadt h\u00e0ng tu\u1ea7n. Ch\u01b0\u01a1ng tr\u00ecnh th\u1ec3 hi\u1ec7n \u0111a d\u1ea1ng c\u00e1c ki\u1ebfn th\u1ee9c n\u00f4ng nghi\u1ec7p v\u1edbi s\u1ef1 c\u1ed1 v\u1ea5n tr\u1ef1c ti\u1ebfp t\u1eeb c\u00e1c gi\u00e1o s\u01b0, ti\u1ebfn s\u0129 &hellip; <\/p>\n<p class=\"link-more\"><a href=\"https:\/\/canhtacthongminh.vn\/index.php\/about\/\" class=\"more-link\">Read more<span class=\"screen-reader-text\"> &#8220;V\u1ec1 ch\u01b0\u01a1ng tr\u00ecnh&#8221;<\/span><\/a><\/p>\n","protected":false},"author":1,"featured_media":48,"parent":0,"menu_order":0,"comment_status":"closed","ping_status":"closed","template":"","meta":{"footnotes":""},"class_list":["post-17","page","type-page","status-publish","has-post-thumbnail","hentry"],"featured_media_urls":{"thumbnail":["https:\/\/canhtacthongminh.vn\/wp-content\/uploads\/2025\/05\/z6163919374243_a889867103ca01f6a233ad92cb422d1a-e1746244203993-150x150.jpg",150,150,true],"medium":["https:\/\/canhtacthongminh.vn\/wp-content\/uploads\/2025\/05\/z6163919374243_a889867103ca01f6a233ad92cb422d1a-e1746244203993-300x76.jpg",300,76,true],"medium_large":["https:\/\/canhtacthongminh.vn\/wp-content\/uploads\/2025\/05\/z6163919374243_a889867103ca01f6a233ad92cb422d1a-e1746244203993-768x194.jpg",768,194,true],"large":["https:\/\/canhtacthongminh.vn\/wp-content\/uploads\/2025\/05\/z6163919374243_a889867103ca01f6a233ad92cb422d1a-e1746244203993-1024x258.jpg",950,239,true],"RoboGalleryMansoryImagesCenter":["https:\/\/canhtacthongminh.vn\/wp-content\/uploads\/2025\/05\/z6163919374243_a889867103ca01f6a233ad92cb422d1a-e1746244203993-600x408.jpg",600,408,true],"RoboGalleryMansoryImagesTop":["https:\/\/canhtacthongminh.vn\/wp-content\/uploads\/2025\/05\/z6163919374243_a889867103ca01f6a233ad92cb422d1a-e1746244203993-600x408.jpg",600,408,true],"1536x1536":["https:\/\/canhtacthongminh.vn\/wp-content\/uploads\/2025\/05\/z6163919374243_a889867103ca01f6a233ad92cb422d1a-e1746244203993-1536x388.jpg",1536,388,true],"2048x2048":["https:\/\/canhtacthongminh.vn\/wp-content\/uploads\/2025\/05\/z6163919374243_a889867103ca01f6a233ad92cb422d1a-e1746244203993.jpg",1617,408,false],"inspiro-featured-image":["https:\/\/canhtacthongminh.vn\/wp-content\/uploads\/2025\/05\/z6163919374243_a889867103ca01f6a233ad92cb422d1a-e1746244203993.jpg",1617,408,false],"inspiro-loop":["https:\/\/canhtacthongminh.vn\/wp-content\/uploads\/2025\/05\/z6163919374243_a889867103ca01f6a233ad92cb422d1a-e1746244203993-950x320.jpg",950,320,true],"inspiro-loop@2x":["https:\/\/canhtacthongminh.vn\/wp-content\/uploads\/2025\/05\/z6163919374243_a889867103ca01f6a233ad92cb422d1a-1620x640.jpg",1620,640,true],"portfolio_item-thumbnail":["https:\/\/canhtacthongminh.vn\/wp-content\/uploads\/2025\/05\/z6163919374243_a889867103ca01f6a233ad92cb422d1a-e1746244203993-600x400.jpg",600,400,true],"portfolio_item-thumbnail@2x":["https:\/\/canhtacthongminh.vn\/wp-content\/uploads\/2025\/05\/z6163919374243_a889867103ca01f6a233ad92cb422d1a-e1746244203993-1200x408.jpg",1200,408,true],"portfolio_item-masonry":["https:\/\/canhtacthongminh.vn\/wp-content\/uploads\/2025\/05\/z6163919374243_a889867103ca01f6a233ad92cb422d1a-e1746244203993-600x151.jpg",600,151,true],"portfolio_item-masonry@2x":["https:\/\/canhtacthongminh.vn\/wp-content\/uploads\/2025\/05\/z6163919374243_a889867103ca01f6a233ad92cb422d1a-e1746244203993-1200x303.jpg",1200,303,true],"portfolio_item-thumbnail_cinema":["https:\/\/canhtacthongminh.vn\/wp-content\/uploads\/2025\/05\/z6163919374243_a889867103ca01f6a233ad92cb422d1a-e1746244203993-800x335.jpg",800,335,true],"portfolio_item-thumbnail_portrait":["https:\/\/canhtacthongminh.vn\/wp-content\/uploads\/2025\/05\/z6163919374243_a889867103ca01f6a233ad92cb422d1a-e1746244203993-600x408.jpg",600,408,true],"portfolio_item-thumbnail_portrait@2x":["https:\/\/canhtacthongminh.vn\/wp-content\/uploads\/2025\/05\/z6163919374243_a889867103ca01f6a233ad92cb422d1a-e1746244203993-1200x408.jpg",1200,408,true],"portfolio_item-thumbnail_square":["https:\/\/canhtacthongminh.vn\/wp-content\/uploads\/2025\/05\/z6163919374243_a889867103ca01f6a233ad92cb422d1a-e1746244203993-800x408.jpg",800,408,true]},"_links":{"self":[{"href":"https:\/\/canhtacthongminh.vn\/index.php\/wp-json\/wp\/v2\/pages\/17","targetHints":{"allow":["GET"]}}],"collection":[{"href":"https:\/\/canhtacthongminh.vn\/index.php\/wp-json\/wp\/v2\/pages"}],"about":[{"href":"https:\/\/canhtacthongminh.vn\/index.php\/wp-json\/wp\/v2\/types\/page"}],"author":[{"embeddable":true,"href":"https:\/\/canhtacthongminh.vn\/index.php\/wp-json\/wp\/v2\/users\/1"}],"replies":[{"embeddable":true,"href":"https:\/\/canhtacthongminh.vn\/index.php\/wp-json\/wp\/v2\/comments?post=17"}],"version-history":[{"count":23,"href":"https:\/\/canhtacthongminh.vn\/index.php\/wp-json\/wp\/v2\/pages\/17\/revisions"}],"predecessor-version":[{"id":381,"href":"https:\/\/canhtacthongminh.vn\/index.php\/wp-json\/wp\/v2\/pages\/17\/revisions\/381"}],"wp:featuredmedia":[{"embeddable":true,"href":"https:\/\/canhtacthongminh.vn\/index.php\/wp-json\/wp\/v2\/media\/48"}],"wp:attachment":[{"href":"https:\/\/canhtacthongminh.vn\/index.php\/wp-json\/wp\/v2\/media?parent=17"}],"curies":[{"name":"wp","href":"https:\/\/api.w.org\/{rel}","templated":true}]}}