{"id":18,"date":"2025-05-03T03:29:19","date_gmt":"2025-05-03T03:29:19","guid":{"rendered":"https:\/\/canhtacthongminh.vn\/?page_id=18"},"modified":"2025-05-04T12:54:49","modified_gmt":"2025-05-04T12:54:49","slug":"contact-2","status":"publish","type":"page","link":"https:\/\/canhtacthongminh.vn\/index.php\/contact-2\/","title":{"rendered":"Li\u00ean h\u1ec7"},"content":{"rendered":"\n<div style=\"height:10px\" aria-hidden=\"true\" class=\"wp-block-spacer\"><\/div>\n\n\n\n<div class=\"wp-block-group has-global-padding is-layout-constrained wp-block-group-is-layout-constrained\">\n<div class=\"wp-block-columns are-vertically-aligned-top is-layout-flex wp-container-core-columns-is-layout-d7d455e7 wp-block-columns-is-layout-flex\" style=\"padding-top:0;padding-right:0;padding-bottom:0;padding-left:0\">\n<div class=\"wp-block-column is-vertically-aligned-top is-layout-flow wp-block-column-is-layout-flow\" style=\"padding-right:7%;flex-basis:50%\">\n<h2 class=\"wp-block-heading has-text-color\" style=\"color:#00852f\"><strong>G\u1eedi tin nh\u1eafn cho ch\u00fang t\u00f4i !<\/strong><\/h2>\n\n\n\n<p><br><\/p>\n<\/div>\n\n\n\n<div class=\"wp-block-column is-vertically-aligned-top is-layout-flow wp-block-column-is-layout-flow\" style=\"flex-basis:50%\"><\/div>\n<\/div>\n\n\n<div class=\"wpforms-container wpforms-container-full wpforms-block wpforms-block-95f256c4-5997-4d01-a356-5695d116a84d wpforms-render-modern\" id=\"wpforms-134\"><form id=\"wpforms-form-134\" class=\"wpforms-validate wpforms-form wpforms-ajax-form\" data-formid=\"134\" method=\"post\" enctype=\"multipart\/form-data\" action=\"\/index.php\/wp-json\/wp\/v2\/pages\/18\" data-token=\"8186616af7a9b70766080479da32e7d9\" data-token-time=\"1776432513\"><noscript class=\"wpforms-error-noscript\">Vui l\u00f2ng b\u1eadt JavaScript trong tr\u00ecnh duy\u1ec7t c\u1ee7a b\u1ea1n \u0111\u1ec3 ho\u00e0n th\u00e0nh Form n\u00e0y.<\/noscript><div class=\"wpforms-hidden\" id=\"wpforms-error-noscript\">Vui l\u00f2ng b\u1eadt JavaScript trong tr\u00ecnh duy\u1ec7t c\u1ee7a b\u1ea1n \u0111\u1ec3 ho\u00e0n th\u00e0nh Form n\u00e0y.<\/div><div class=\"wpforms-field-container\"><div id=\"wpforms-134-field_1-container\" class=\"wpforms-field wpforms-field-name\" data-field-id=\"1\"><fieldset><legend class=\"wpforms-field-label\">T\u00ean <span class=\"wpforms-required-label\" aria-hidden=\"true\">*<\/span><\/legend><div class=\"wpforms-field-row wpforms-field-medium\"><div class=\"wpforms-field-row-block wpforms-first wpforms-one-half\"><input type=\"text\" id=\"wpforms-134-field_1\" class=\"wpforms-field-name-first wpforms-field-required\" name=\"wpforms[fields][1][first]\" aria-errormessage=\"wpforms-134-field_1-error\" required><label for=\"wpforms-134-field_1\" class=\"wpforms-field-sublabel after\">T\u00ean<\/label><\/div><div class=\"wpforms-field-row-block wpforms-one-half\"><input type=\"text\" id=\"wpforms-134-field_1-last\" class=\"wpforms-field-name-last wpforms-field-required\" name=\"wpforms[fields][1][last]\" aria-errormessage=\"wpforms-134-field_1-last-error\" required><label for=\"wpforms-134-field_1-last\" class=\"wpforms-field-sublabel after\">H\u1ecd<\/label><\/div><\/div><\/fieldset><\/div><div id=\"wpforms-134-field_2-container\" class=\"wpforms-field wpforms-field-email\" data-field-id=\"2\"><label class=\"wpforms-field-label\" for=\"wpforms-134-field_2\">Email <span class=\"wpforms-required-label\" aria-hidden=\"true\">*<\/span><\/label><input type=\"email\" id=\"wpforms-134-field_2\" class=\"wpforms-field-medium wpforms-field-required\" name=\"wpforms[fields][2]\" spellcheck=\"false\" aria-errormessage=\"wpforms-134-field_2-error\" required><\/div><div id=\"wpforms-134-field_4-container\" class=\"wpforms-field wpforms-field-number\" data-field-id=\"4\"><label class=\"wpforms-field-label\" for=\"wpforms-134-field_4\">\u0110i\u1ec7n tho\u1ea1i <span class=\"wpforms-required-label\" aria-hidden=\"true\">*<\/span><\/label><input type=\"number\" id=\"wpforms-134-field_4\" class=\"wpforms-field-medium wpforms-field-required\" name=\"wpforms[fields][4]\" step=\"any\" aria-errormessage=\"wpforms-134-field_4-error\" required><\/div><div id=\"wpforms-134-field_3-container\" class=\"wpforms-field wpforms-field-textarea\" data-field-id=\"3\"><label class=\"wpforms-field-label\" for=\"wpforms-134-field_3\">B\u00ecnh lu\u1eadn ho\u1eb7c tin nh\u1eafn<\/label><textarea id=\"wpforms-134-field_3\" class=\"wpforms-field-medium\" name=\"wpforms[fields][3]\" aria-errormessage=\"wpforms-134-field_3-error\" ><\/textarea><\/div><\/div><!-- .wpforms-field-container --><div class=\"wpforms-submit-container\" ><input type=\"hidden\" name=\"wpforms[id]\" value=\"134\"><input type=\"hidden\" name=\"page_title\" value=\"\"><input type=\"hidden\" name=\"page_url\" value=\"https:\/\/canhtacthongminh.vn\/index.php\/wp-json\/wp\/v2\/pages\/18\"><input type=\"hidden\" name=\"url_referer\" value=\"\"><button type=\"submit\" name=\"wpforms[submit]\" id=\"wpforms-submit-134\" class=\"wpforms-submit\" data-alt-text=\"\u0110ang g\u1eedi...\" data-submit-text=\"G\u1eedi\" aria-live=\"assertive\" value=\"wpforms-submit\">G\u1eedi<\/button><img decoding=\"async\" src=\"https:\/\/canhtacthongminh.vn\/wp-content\/plugins\/wpforms-lite\/assets\/images\/submit-spin.svg\" class=\"wpforms-submit-spinner\" style=\"display: none;\" width=\"26\" height=\"26\" alt=\"\u0110ang t\u1ea3i\"><\/div><\/form><\/div>  <!-- .wpforms-container -->\n\n\n<div style=\"height:5px\" aria-hidden=\"true\" class=\"wp-block-spacer\"><\/div>\n<\/div>\n\n\n\n<div class=\"wp-block-group alignfull has-global-padding is-layout-constrained wp-container-core-group-is-layout-19e250f3 wp-block-group-is-layout-constrained\">\n<div class=\"wp-block-columns alignfull are-vertically-aligned-center has-light-background-background-color has-background is-layout-flex wp-container-core-columns-is-layout-dd282781 wp-block-columns-is-layout-flex\" style=\"padding-top:0;padding-right:0;padding-bottom:0;padding-left:0\">\n<div class=\"wp-block-column is-vertically-aligned-center map-grayscale is-layout-flow wp-block-column-is-layout-flow\" style=\"flex-basis:50%\">\n<figure class=\"wp-block-image size-large\"><a href=\"https:\/\/maps.app.goo.gl\/1AFBBfrobWMzTumHA\"><img fetchpriority=\"high\" decoding=\"async\" width=\"1024\" height=\"572\" src=\"https:\/\/canhtacthongminh.vn\/wp-content\/uploads\/2025\/05\/maps2-1024x572.jpg\" alt=\"\" class=\"wp-image-56\" srcset=\"https:\/\/canhtacthongminh.vn\/wp-content\/uploads\/2025\/05\/maps2-1024x572.jpg 1024w, https:\/\/canhtacthongminh.vn\/wp-content\/uploads\/2025\/05\/maps2-300x168.jpg 300w, https:\/\/canhtacthongminh.vn\/wp-content\/uploads\/2025\/05\/maps2.jpg 1626w\" sizes=\"(max-width: 1024px) 100vw, 1024px\" \/><\/a><\/figure>\n<\/div>\n\n\n\n<div class=\"wp-block-column is-vertically-aligned-center is-layout-flow wp-block-column-is-layout-flow\" style=\"padding-top:var(--wp--preset--spacing--small);padding-right:var(--wp--preset--spacing--small);padding-bottom:var(--wp--preset--spacing--small);padding-left:2%;flex-basis:50%\">\n<h3 class=\"wp-block-heading has-large-font-size\">LI\u00caN H\u1ec6<\/h3>\n\n\n\n<p><\/p>\n\n\n\n<h3 class=\"wp-block-heading\"><strong>\u0110\u1ecba ch\u1ec9<\/strong><\/h3>\n\n\n\n<p>82 Nguy\u1ec5n X\u00ed, Ph\u01b0\u1eddng 26, Qu\u1eadn B\u00ecnh Th\u1ea1nh, Tp H\u1ed3 Ch\u00ed Minh<\/p>\n\n\n\n<h3 class=\"wp-block-heading\"><strong>Email<\/strong><\/h3>\n\n\n\n<p>canhtacthongminhvtv9@gmail.com<\/p>\n\n\n\n<h3 class=\"wp-block-heading\"><strong>\u0110i\u1ec7n tho\u1ea1i<\/strong><\/h3>\n\n\n\n<p>084 3968 777<\/p>\n<\/div>\n<\/div>\n<\/div>\n\n\n\n<div class=\"wp-block-group is-layout-flow wp-block-group-is-layout-flow\">\n<div class=\"wp-block-group is-layout-flow wp-block-group-is-layout-flow\">\n<div style=\"height:5px\" aria-hidden=\"true\" class=\"wp-block-spacer\"><\/div>\n\n\n\n<div class=\"wp-block-columns is-layout-flex wp-container-core-columns-is-layout-28f84493 wp-block-columns-is-layout-flex\">\n<div class=\"wp-block-column is-layout-flow wp-block-column-is-layout-flow\">\n<p class=\"has-text-align-left has-text-color\" style=\"color:#00852f\">V\u0102N PH\u00d2NG CH\u00cdNH<\/p>\n\n\n\n<div class=\"wp-block-columns is-layout-flex wp-container-core-columns-is-layout-28f84493 wp-block-columns-is-layout-flex\">\n<div class=\"wp-block-column is-layout-flow wp-block-column-is-layout-flow\">\n<p style=\"line-height:2.5\">Qu\u1eadn B\u00ecnh Th\u1ea1nh<\/p>\n<\/div>\n\n\n\n<div class=\"wp-block-column is-layout-flow wp-block-column-is-layout-flow\">\n<p style=\"line-height:2.5\">Tp. H\u1ed3 Ch\u00ed Minh<\/p>\n<\/div>\n<\/div>\n<\/div>\n\n\n\n<div class=\"wp-block-column is-layout-flow wp-block-column-is-layout-flow\">\n<figure class=\"wp-block-image size-large\"><img decoding=\"async\" src=\"https:\/\/canhtacthongminh.vn\/wp-content\/themes\/inspiro\/assets\/images\/map.png\" alt=\"\" class=\"wp-image-5640\"\/><\/figure>\n<\/div>\n<\/div>\n\n\n\n<div style=\"height:52px\" aria-hidden=\"true\" class=\"wp-block-spacer\"><\/div>\n<\/div>\n<\/div>\n\n\n\n<div class=\"wp-block-group has-global-padding is-layout-constrained wp-block-group-is-layout-constrained\">\n<div style=\"height:5px\" aria-hidden=\"true\" class=\"wp-block-spacer\"><\/div>\n\n\n\n<div style=\"height:45px\" aria-hidden=\"true\" class=\"wp-block-spacer\"><\/div>\n<\/div>\n\n\n\n<p><\/p>\n","protected":false},"excerpt":{"rendered":"<p>G\u1eedi tin nh\u1eafn cho ch\u00fang t\u00f4i ! LI\u00caN H\u1ec6 \u0110\u1ecba ch\u1ec9 82 Nguy\u1ec5n X\u00ed, Ph\u01b0\u1eddng 26, Qu\u1eadn B\u00ecnh Th\u1ea1nh, Tp H\u1ed3 Ch\u00ed Minh Email canhtacthongminhvtv9@gmail.com \u0110i\u1ec7n tho\u1ea1i 084 3968 777 V\u0102N PH\u00d2NG CH\u00cdNH Qu\u1eadn B\u00ecnh Th\u1ea1nh Tp. H\u1ed3 Ch\u00ed Minh<\/p>\n","protected":false},"author":1,"featured_media":50,"parent":0,"menu_order":0,"comment_status":"closed","ping_status":"closed","template":"","meta":{"footnotes":""},"class_list":["post-18","page","type-page","status-publish","has-post-thumbnail","hentry"],"featured_media_urls":{"thumbnail":["https:\/\/canhtacthongminh.vn\/wp-content\/uploads\/2025\/05\/9190816-scaled-e1746244357704-150x150.jpg",150,150,true],"medium":["https:\/\/canhtacthongminh.vn\/wp-content\/uploads\/2025\/05\/9190816-scaled-e1746244357704-300x84.jpg",300,84,true],"medium_large":["https:\/\/canhtacthongminh.vn\/wp-content\/uploads\/2025\/05\/9190816-scaled-e1746244357704-768x216.jpg",768,216,true],"large":["https:\/\/canhtacthongminh.vn\/wp-content\/uploads\/2025\/05\/9190816-scaled-e1746244357704-1024x288.jpg",950,267,true],"RoboGalleryMansoryImagesCenter":["https:\/\/canhtacthongminh.vn\/wp-content\/uploads\/2025\/05\/9190816-scaled-e1746244357704-600x720.jpg",600,720,true],"RoboGalleryMansoryImagesTop":["https:\/\/canhtacthongminh.vn\/wp-content\/uploads\/2025\/05\/9190816-scaled-e1746244357704-600x720.jpg",600,720,true],"1536x1536":["https:\/\/canhtacthongminh.vn\/wp-content\/uploads\/2025\/05\/9190816-scaled-e1746244357704-1536x432.jpg",1536,432,true],"2048x2048":["https:\/\/canhtacthongminh.vn\/wp-content\/uploads\/2025\/05\/9190816-scaled-e1746244357704-2048x576.jpg",2048,576,true],"inspiro-featured-image":["https:\/\/canhtacthongminh.vn\/wp-content\/uploads\/2025\/05\/9190816-scaled-e1746244357704-2000x563.jpg",2000,563,true],"inspiro-loop":["https:\/\/canhtacthongminh.vn\/wp-content\/uploads\/2025\/05\/9190816-scaled-e1746244357704-950x320.jpg",950,320,true],"inspiro-loop@2x":["https:\/\/canhtacthongminh.vn\/wp-content\/uploads\/2025\/05\/9190816-scaled-e1746244357704-1900x640.jpg",1900,640,true],"portfolio_item-thumbnail":["https:\/\/canhtacthongminh.vn\/wp-content\/uploads\/2025\/05\/9190816-scaled-e1746244357704-600x400.jpg",600,400,true],"portfolio_item-thumbnail@2x":["https:\/\/canhtacthongminh.vn\/wp-content\/uploads\/2025\/05\/9190816-scaled-e1746244357704-1200x720.jpg",1200,720,true],"portfolio_item-masonry":["https:\/\/canhtacthongminh.vn\/wp-content\/uploads\/2025\/05\/9190816-scaled-e1746244357704-600x169.jpg",600,169,true],"portfolio_item-masonry@2x":["https:\/\/canhtacthongminh.vn\/wp-content\/uploads\/2025\/05\/9190816-scaled-e1746244357704-1200x338.jpg",1200,338,true],"portfolio_item-thumbnail_cinema":["https:\/\/canhtacthongminh.vn\/wp-content\/uploads\/2025\/05\/9190816-scaled-e1746244357704-800x335.jpg",800,335,true],"portfolio_item-thumbnail_portrait":["https:\/\/canhtacthongminh.vn\/wp-content\/uploads\/2025\/05\/9190816-scaled-e1746244357704-600x720.jpg",600,720,true],"portfolio_item-thumbnail_portrait@2x":["https:\/\/canhtacthongminh.vn\/wp-content\/uploads\/2025\/05\/9190816-scaled-e1746244357704-1200x720.jpg",1200,720,true],"portfolio_item-thumbnail_square":["https:\/\/canhtacthongminh.vn\/wp-content\/uploads\/2025\/05\/9190816-scaled-e1746244357704-800x720.jpg",800,720,true]},"_links":{"self":[{"href":"https:\/\/canhtacthongminh.vn\/index.php\/wp-json\/wp\/v2\/pages\/18","targetHints":{"allow":["GET"]}}],"collection":[{"href":"https:\/\/canhtacthongminh.vn\/index.php\/wp-json\/wp\/v2\/pages"}],"about":[{"href":"https:\/\/canhtacthongminh.vn\/index.php\/wp-json\/wp\/v2\/types\/page"}],"author":[{"embeddable":true,"href":"https:\/\/canhtacthongminh.vn\/index.php\/wp-json\/wp\/v2\/users\/1"}],"replies":[{"embeddable":true,"href":"https:\/\/canhtacthongminh.vn\/index.php\/wp-json\/wp\/v2\/comments?post=18"}],"version-history":[{"count":14,"href":"https:\/\/canhtacthongminh.vn\/index.php\/wp-json\/wp\/v2\/pages\/18\/revisions"}],"predecessor-version":[{"id":145,"href":"https:\/\/canhtacthongminh.vn\/index.php\/wp-json\/wp\/v2\/pages\/18\/revisions\/145"}],"wp:featuredmedia":[{"embeddable":true,"href":"https:\/\/canhtacthongminh.vn\/index.php\/wp-json\/wp\/v2\/media\/50"}],"wp:attachment":[{"href":"https:\/\/canhtacthongminh.vn\/index.php\/wp-json\/wp\/v2\/media?parent=18"}],"curies":[{"name":"wp","href":"https:\/\/api.w.org\/{rel}","templated":true}]}}